{"id":3,"date":"2020-08-28T11:21:26","date_gmt":"2020-08-28T11:21:26","guid":{"rendered":"http:\/\/www.gnuo-consultores.com\/?page_id=3"},"modified":"2023-02-20T10:39:42","modified_gmt":"2023-02-20T10:39:42","slug":"politica-privacidad","status":"publish","type":"page","link":"https:\/\/www.gnuo-consultores.com\/en\/politica-privacidad\/","title":{"rendered":"Privacy Policy"},"content":{"rendered":"<div data-elementor-type=\"wp-page\" data-elementor-id=\"3\" class=\"elementor elementor-3\" data-elementor-post-type=\"page\">\n\t\t\t\t\t\t<section class=\"elementor-section elementor-top-section elementor-element elementor-element-6ef70013 elementor-section-boxed elementor-section-height-default elementor-section-height-default\" data-id=\"6ef70013\" data-element_type=\"section\" data-e-type=\"section\">\n\t\t\t\t\t\t<div class=\"elementor-container elementor-column-gap-default\">\n\t\t\t\t\t<div class=\"elementor-column elementor-col-100 elementor-top-column elementor-element elementor-element-50c7fdc2\" data-id=\"50c7fdc2\" data-element_type=\"column\" data-e-type=\"column\">\n\t\t\t<div class=\"elementor-widget-wrap elementor-element-populated\">\n\t\t\t\t\t\t<div class=\"elementor-element elementor-element-231f5039 elementor-widget elementor-widget-text-editor\" data-id=\"231f5039\" data-element_type=\"widget\" data-e-type=\"widget\" data-widget_type=\"text-editor.default\">\n\t\t\t\t<div class=\"elementor-widget-container\">\n\t\t\t\t\t\t\t\t\t<p><\/p>\n<h2 class=\"wp-block-heading\">Qui\u00e9nes somos<\/h2>\n<p><\/p>\n<p>La direcci\u00f3n de nuestra web es: http:\/\/www.gnuo-consultores.com<\/p>\n<p>Informaci\u00f3n B\u00e1sica sobre Protecci\u00f3n de datos<br \/>Responsable: JOS\u00c9 ANTONIO LE\u00d3N MORENO<\/p>\n<p>Finalidad: Atender su solicitud.<br \/>Legitimaci\u00f3n: Ejecuci\u00f3n de un contrato.<br \/>Destinatarios: No se ceder\u00e1n datos a terceros, salvo obligaci\u00f3n legal.<br \/>Derechos: Tiene derecho a acceder, rectificar y suprimir los datos, as\u00ed como otros derechos, indicados en la informaci\u00f3n adicional, que puede ejercer dirigi\u00e9ndose a PCTEX. AV. INVESTIGACI\u00d3N S\/N DESPACHO 1.22\u00a0 BADAJOZ ESPA\u00d1A.<br \/>Registro de Actividades de Tratamiento ser\u00e1n aplicadas al conjunto de activos del sistema de tratamiento de la informaci\u00f3n en el que se traten los datos de car\u00e1cter personal, con el objeto de dar cumplimiento a la legislaci\u00f3n vigente en materia de protecci\u00f3n de datos.<br \/>Todo el personal contratado por JOS\u00c9 ANTONIO LE\u00d3N MORENO y sus Encargados de Tratamiento, est\u00e1n obligados al cumplimiento de la citada normativa, con especial atenci\u00f3n en lo relativo a sus funciones y obligaciones, incluido el deber de secreto que ser\u00e1n debidamente determinadas por JOS\u00c9 ANTONIO LE\u00d3N MORENO<\/p>\n<p><strong>RECOGIDA DE DATOS<\/strong><br \/>La aceptaci\u00f3n de las presentes condiciones, precisa del usuario la recogida de unos datos imprescindibles para la prestaci\u00f3n de sus servicios, que le ser\u00e1n solicitados personalmente a trav\u00e9s de formularios o de la p\u00e1gina Web. En el momento de la recogida de los datos, el usuario ser\u00e1 debidamente informado de los derechos que le asisten.<br \/>Para que la informaci\u00f3n que contiene nuestro sistema de tratamiento est\u00e9 siempre actualizada y no contenga errores, pedimos a nuestros clientes y usuarios que nos comuniquen, a la mayor brevedad posible, las modificaciones y rectificaciones de sus datos de car\u00e1cter personal.<\/p>\n<p><strong>OBJETO: EJERCICIO DE DERECHOS<\/strong><br \/>Para ejercitar los Derechos de acceso, impugnaci\u00f3n, rectificaci\u00f3n, cancelaci\u00f3n, supresi\u00f3n u oposici\u00f3n, portabilidad, limitaci\u00f3n del tratamiento, deber\u00e1n dirigirse a JOS\u00c9 ANTONIO LE\u00d3N MORENO, con domicilio en PCTEX. AV. INVESTIGACI\u00d3N S\/N DESPACHO 1.22\u00a0 BADAJOZ ESPA\u00d1A , mediante comunicaci\u00f3n por escrito o mediante correo electr\u00f3nico a la direcci\u00f3n jaleon@gnuo-consultores.com. Tambi\u00e9n puede presentar reclamaci\u00f3n ante la AEPD.<\/p>\n<p><strong>CONSENTIMIENTO<\/strong><br \/>El usuario prestar\u00e1 su consentimiento para que JOS\u00c9 ANTONIO LE\u00d3N MORENO pueda hacer uso de sus datos personales a fin de prestar un correcto cumplimiento de los servicios contratados.<br \/>La cumplimentaci\u00f3n del formulario incluido en el sitio o el env\u00edo de correos electr\u00f3nicos u otras comunicaciones a JOS\u00c9 ANTONIO LE\u00d3N MORENO , implica el consentimiento expreso del usuario a la inclusi\u00f3n de sus datos de car\u00e1cter personal en el referido sistema de tratamiento, titularidad de JOS\u00c9 ANTONIO LE\u00d3N MORENO.<br \/>Al tiempo de la petici\u00f3n de esta informaci\u00f3n, se comunicar\u00e1 al cliente o usuario del destinatario de la informaci\u00f3n, de la finalidad para la cual se recogen los datos, de la identidad y direcci\u00f3n de JOS\u00c9 ANTONIO LE\u00d3N MORENO y de la facultad del usuario de ejercitar los derechos de acceso, impugnaci\u00f3n, rectificaci\u00f3n, cancelaci\u00f3n, supresi\u00f3n u oposici\u00f3n, portabilidad, limitaci\u00f3n del tratamiento y a presentar reclamaci\u00f3n ante la AEPD.<\/p>\n<p><strong>CESI\u00d3N A TERCEROS<\/strong><br \/>JOS\u00c9 ANTONIO LE\u00d3N MORENO no cede datos de car\u00e1cter personal sin el consentimiento expreso de sus titulares, que deber\u00e1 ser concedido en cada ocasi\u00f3n, siendo s\u00f3lo cedidos con la finalidad expresada y siempre con el consentimiento del usuario o cliente.<\/p>\n<p><strong>CONFIDENCIALIDAD Y SECRETO PROFESIONAL<\/strong><br \/>Los datos recogidos en todas las comunicaciones privadas entre JOS\u00c9 ANTONIO LE\u00d3N MORENO y los clientes o usuarios ser\u00e1n tratados con absoluta confidencialidad, comprometi\u00e9ndose JOS\u00c9 ANTONIO LE\u00d3N MORENO a la obligaci\u00f3n de secreto de los datos de car\u00e1cter personal, a su deber de guardarlos y adoptar todas las medidas necesarias que eviten su alteraci\u00f3n, p\u00e9rdida y tratamiento o acceso no autorizado, de<br \/>acuerdo con lo establecido en la normativa vigente.<br \/>Adem\u00e1s, tambi\u00e9n tendr\u00e1 la condici\u00f3n de confidencial la informaci\u00f3n de cualquier tipo que las partes intercambien entre s\u00ed, aquella que estas acuerden que tiene tal naturaleza, o la que simplemente verse sobre el contenido de dicha informaci\u00f3n. La visualizaci\u00f3n de datos a trav\u00e9s de Internet, no supondr\u00e1 el acceso directo a los mismos, salvo consentimiento expreso de su titular para cada ocasi\u00f3n.<br \/>Recomendamos al cliente que no facilite a tercero alguno su identificaci\u00f3n, contrase\u00f1a o n\u00fameros de referencia que JOS\u00c9 ANTONIO LE\u00d3N MORENO pudiera proporcionarle. Asimismo, para garantizar que la protecci\u00f3n del secreto profesional entre JOS\u00c9 ANTONIO LE\u00d3N MORENO y el cliente se preserve en todas las comunicaciones, el cliente\/usuario no debe revelar la informaci\u00f3n confidencial a terceros.<\/p>\n<p><strong>CAMBIOS EN LA POL\u00cdTICA DE SEGURIDAD Y DE PROTECCI\u00d3N DE DATO<\/strong>S<br \/>MAR\u00cdA DOLORES GALAN CADENAS se reserva el derecho de modificar su pol\u00edtica de seguridad y protecci\u00f3n de datos con el objeto de adaptarlo a las novedades legislativas o jurisprudenciales, as\u00ed como las que pudieran derivarse de c\u00f3digos tipo existentes en la ateria, o por decisiones corporativas estrat\u00e9gicas, con efectos de la fecha de publicaci\u00f3n de dicha modificaci\u00f3n en la p\u00e1gina Web de JOS\u00c9 ANTONIO LE\u00d3N MORENO.<br \/>DIRECCI\u00d3N DE CONTACTO<br \/>El sitio Web es gestionado por JOS\u00c9 ANTONIO LE\u00d3N MORENO , inscrita en el Registro Mercantil con los siguientes datos y con CIF 44783530T.<br \/>El sistema de tratamiento de la informaci\u00f3n creado, est\u00e1 ubicado en el domicilio social, el cual queda establecido a los efectos del presente Aviso Legal, en JOS\u00c9 ANTONIO LE\u00d3N MORENO, PCTEX. AV. INVESTIGACI\u00d3N S\/N DESPACHO 1.22.\u00a0 BADAJOZ ESPA\u00d1A ; bajo la supervisi\u00f3n y control de JOS\u00c9 ANTONIO LE\u00d3N MORENO, quien asume la responsabilidad en la adopci\u00f3n de medidas de seguridad de \u00edndole t\u00e9cnica y organizativa<br \/>para proteger la confidencialidad e integridad de la informaci\u00f3n, de acuerdo con lo establecido en el Reglamento Europeo de Protecci\u00f3n de Datos UE 2016\/679, de 27 de Abril del Parlamento y el Consejo; la Ley Org\u00e1nica 3\/2018, de 5 de Diciembre, de Protecci\u00f3n de Datos y Garant\u00eda de los Derechos Digitales y resto de la normativa nacional vigente y dem\u00e1s legislaci\u00f3n aplicable.<\/p>\n<p>JOS\u00c9 ANTONIO LE\u00d3N MORENO a tenor de la Ley 34\/2002, de Servicios de la Sociedad de la Informaci\u00f3n y del Comercio Electr\u00f3nico, les comunica que la acepci\u00f3n amplia de dicha Ley, engloba entre estos servicios el suministro de informaci\u00f3n por dicho medio. En todo caso, ser\u00e1 de aplicaci\u00f3n a este respecto, el Reglamento Europeo de Protecci\u00f3n de Datos UE 2016\/679, de 27 de Abril del Parlamento y el Consejo; la Ley Org\u00e1nica 3\/2018, de 5 de Diciembre, de Protecci\u00f3n de Datos y Garant\u00eda de los Derechos Digitales y resto de la normativa nacional vigente y su normativa de desarrollo, en especial, en lo que se refiere a la obtenci\u00f3n de datos personales, la informaci\u00f3n a los interesados y la creaci\u00f3n y mantenimiento de tratamientos de datos personales.<\/p>\n<p><\/p>\n<p>PCTEX. AV. INVESTIGACI\u00d3N S\/N DESPACHO B24.\u00a0 BADAJOZ ESPA\u00d1A<\/p>\t\t\t\t\t\t\t\t<\/div>\n\t\t\t\t<\/div>\n\t\t\t\t\t<\/div>\n\t\t<\/div>\n\t\t\t\t\t<\/div>\n\t\t<\/section>\n\t\t\t\t<\/div>","protected":false},"excerpt":{"rendered":"<p>Qui\u00e9nes somos La direcci\u00f3n de nuestra web es: http:\/\/www.gnuo-consultores.com Informaci\u00f3n B\u00e1sica sobre Protecci\u00f3n de datosResponsable: JOS\u00c9 ANTONIO LE\u00d3N MORENO Finalidad: Atender su solicitud.Legitimaci\u00f3n: Ejecuci\u00f3n de un contrato.Destinatarios: No se ceder\u00e1n datos a terceros, salvo obligaci\u00f3n legal.Derechos: Tiene derecho a acceder, rectificar y suprimir los datos, as\u00ed como otros derechos, indicados en la informaci\u00f3n adicional, que [&hellip;]<\/p>\n","protected":false},"author":1,"featured_media":0,"parent":0,"menu_order":0,"comment_status":"closed","ping_status":"closed","template":"","meta":{"footnotes":""},"class_list":["post-3","page","type-page","status-publish","hentry"],"_links":{"self":[{"href":"https:\/\/www.gnuo-consultores.com\/en\/wp-json\/wp\/v2\/pages\/3","targetHints":{"allow":["GET"]}}],"collection":[{"href":"https:\/\/www.gnuo-consultores.com\/en\/wp-json\/wp\/v2\/pages"}],"about":[{"href":"https:\/\/www.gnuo-consultores.com\/en\/wp-json\/wp\/v2\/types\/page"}],"author":[{"embeddable":true,"href":"https:\/\/www.gnuo-consultores.com\/en\/wp-json\/wp\/v2\/users\/1"}],"replies":[{"embeddable":true,"href":"https:\/\/www.gnuo-consultores.com\/en\/wp-json\/wp\/v2\/comments?post=3"}],"version-history":[{"count":0,"href":"https:\/\/www.gnuo-consultores.com\/en\/wp-json\/wp\/v2\/pages\/3\/revisions"}],"wp:attachment":[{"href":"https:\/\/www.gnuo-consultores.com\/en\/wp-json\/wp\/v2\/media?parent=3"}],"curies":[{"name":"wp","href":"https:\/\/api.w.org\/{rel}","templated":true}]}}